{"id":1376,"date":"2026-02-18T13:24:31","date_gmt":"2026-02-18T13:24:31","guid":{"rendered":"https:\/\/panorapadel.com\/?page_id=1376"},"modified":"2026-02-18T13:28:04","modified_gmt":"2026-02-18T13:28:04","slug":"football-padel-teren","status":"publish","type":"page","link":"https:\/\/panorapadel.com\/en_gb\/football-padel-teren\/","title":{"rendered":"Football Padel Teren"},"content":{"rendered":"<div data-elementor-type=\"wp-page\" data-elementor-id=\"1376\" class=\"elementor elementor-1376\">\n\t\t\t\t<div class=\"elementor-element elementor-element-1574e22 e-flex e-con-boxed e-con e-parent\" data-id=\"1574e22\" data-element_type=\"container\" data-e-type=\"container\" data-settings=\"{&quot;background_background&quot;:&quot;classic&quot;}\">\n\t\t\t\t\t<div class=\"e-con-inner\">\n\t\t\t\t<div class=\"elementor-element elementor-element-463a3c3 elementor-widget elementor-widget-heading\" data-id=\"463a3c3\" data-element_type=\"widget\" data-e-type=\"widget\" data-widget_type=\"heading.default\">\n\t\t\t\t\t<h1 class=\"elementor-heading-title elementor-size-default\">Football Padel Teren<\/h1>\t\t\t\t<\/div>\n\t\t\t\t\t<\/div>\n\t\t\t\t<\/div>\n\t\t<div class=\"elementor-element elementor-element-41d98dd e-grid e-con-boxed e-con e-parent\" data-id=\"41d98dd\" data-element_type=\"container\" data-e-type=\"container\">\n\t\t\t\t\t<div class=\"e-con-inner\">\n\t\t\t\t<div class=\"elementor-element elementor-element-771f6f4 elementor-arrows-position-inside elementor-pagination-position-outside elementor-widget elementor-widget-image-carousel\" data-id=\"771f6f4\" data-element_type=\"widget\" data-e-type=\"widget\" data-settings=\"{&quot;slides_to_show&quot;:&quot;1&quot;,&quot;navigation&quot;:&quot;both&quot;,&quot;autoplay&quot;:&quot;yes&quot;,&quot;pause_on_hover&quot;:&quot;yes&quot;,&quot;pause_on_interaction&quot;:&quot;yes&quot;,&quot;autoplay_speed&quot;:5000,&quot;infinite&quot;:&quot;yes&quot;,&quot;effect&quot;:&quot;slide&quot;,&quot;speed&quot;:500}\" data-widget_type=\"image-carousel.default\">\n\t\t\t\t\t\t\t<div class=\"elementor-image-carousel-wrapper swiper\" role=\"region\" aria-roledescription=\"carousel\" aria-label=\"Image Carousel\" dir=\"ltr\">\n\t\t\t<div class=\"elementor-image-carousel swiper-wrapper\" aria-live=\"off\">\n\t\t\t\t\t\t\t\t<div class=\"swiper-slide\" role=\"group\" aria-roledescription=\"slide\" aria-label=\"1 of 1\"><a data-elementor-open-lightbox=\"yes\" data-elementor-lightbox-slideshow=\"771f6f4\" data-elementor-lightbox-title=\"padbol1 - Edited\" data-e-action-hash=\"#elementor-action%3Aaction%3Dlightbox%26settings%3DeyJpZCI6MTM0NCwidXJsIjoiaHR0cHM6XC9cL3Bhbm9yYXBhZGVsLmNvbVwvd3AtY29udGVudFwvdXBsb2Fkc1wvMjAyNlwvMDJcL3BhZGJvbDEtRWRpdGVkLndlYnAiLCJzbGlkZXNob3ciOiI3NzFmNmY0In0%3D\" href=\"https:\/\/panorapadel.com\/wp-content\/uploads\/2026\/02\/padbol1-Edited.webp\"><figure class=\"swiper-slide-inner\"><img decoding=\"async\" class=\"swiper-slide-image\" src=\"https:\/\/panorapadel.com\/wp-content\/uploads\/2026\/02\/padbol1-Edited.webp\" alt=\"padbol1 - Edited\" \/><\/figure><\/a><\/div>\t\t\t<\/div>\n\t\t\t\t\t<\/div>\n\t\t\t\t\t\t<\/div>\n\t\t\t\t<div class=\"elementor-element elementor-element-0b3238a elementor-widget elementor-widget-text-editor\" data-id=\"0b3238a\" data-element_type=\"widget\" data-e-type=\"widget\" data-widget_type=\"text-editor.default\">\n\t\t\t\t\t\t\t\t\t<p><b>Football Padel teren\u00a0<\/b>je<\/p>\t\t\t\t\t\t\t\t<\/div>\n\t\t\t\t\t<\/div>\n\t\t\t\t<\/div>\n\t\t<div class=\"elementor-element elementor-element-b14cdaf e-flex e-con-boxed e-con e-parent\" data-id=\"b14cdaf\" data-element_type=\"container\" data-e-type=\"container\">\n\t\t\t\t\t<div class=\"e-con-inner\">\n\t\t\t\t<div class=\"elementor-element elementor-element-5e9d36b elementor-widget elementor-widget-eael-adv-tabs\" data-id=\"5e9d36b\" data-element_type=\"widget\" data-e-type=\"widget\" data-widget_type=\"eael-adv-tabs.default\">\n\t\t\t\t\t        <div data-scroll-on-click=\"no\" data-scroll-speed=\"300\" id=\"eael-advance-tabs-5e9d36b\" class=\"eael-advance-tabs eael-tabs-horizontal eael-tab-auto-active\" data-tabid=\"5e9d36b\">\n            <div class=\"eael-tabs-nav\">\n                <ul class=\"eael-tab-inline-icon\" role=\"tablist\">\n                                            <li id=\"konstrukcija\" class=\"inactive eael-tab-item-trigger eael-tab-nav-item\" aria-selected=\"true\" data-tab=\"1\" role=\"tab\" tabindex=\"0\" aria-controls=\"konstrukcija-tab\" aria-expanded=\"false\">\n                            \n                                                                <i class=\"icon icon-construction\"><\/i>                                                            \n                                                            <span class=\"eael-tab-title title-after-icon\" >Konstrukcija<\/span>                            \n                                                    <\/li>\n                                            <li id=\"rasveta\" class=\"inactive eael-tab-item-trigger eael-tab-nav-item\" aria-selected=\"false\" data-tab=\"2\" role=\"tab\" tabindex=\"-1\" aria-controls=\"rasveta-tab\" aria-expanded=\"false\">\n                            \n                                                                <svg class=\"e-font-icon-svg e-fas-lightbulb\" viewbox=\"0 0 352 512\" xmlns=\"http:\/\/www.w3.org\/2000\/svg\"><path d=\"M96.06 454.35c.01 6.29 1.87 12.45 5.36 17.69l17.09 25.69a31.99 31.99 0 0 0 26.64 14.28h61.71a31.99 31.99 0 0 0 26.64-14.28l17.09-25.69a31.989 31.989 0 0 0 5.36-17.69l.04-38.35H96.01l.05 38.35zM0 176c0 44.37 16.45 84.85 43.56 115.78 16.52 18.85 42.36 58.23 52.21 91.45.04.26.07.52.11.78h160.24c.04-.26.07-.51.11-.78 9.85-33.22 35.69-72.6 52.21-91.45C335.55 260.85 352 220.37 352 176 352 78.61 272.91-.3 175.45 0 73.44.31 0 82.97 0 176zm176-80c-44.11 0-80 35.89-80 80 0 8.84-7.16 16-16 16s-16-7.16-16-16c0-61.76 50.24-112 112-112 8.84 0 16 7.16 16 16s-7.16 16-16 16z\"><\/path><\/svg>                                                            \n                                                            <span class=\"eael-tab-title title-after-icon\" >Rasveta<\/span>                            \n                                                    <\/li>\n                                            <li id=\"staklo\" class=\"inactive eael-tab-item-trigger eael-tab-nav-item\" aria-selected=\"false\" data-tab=\"3\" role=\"tab\" tabindex=\"-1\" aria-controls=\"staklo-tab\" aria-expanded=\"false\">\n                            \n                                                                <i class=\"icon icon-Design-2\"><\/i>                                                            \n                                                            <span class=\"eael-tab-title title-after-icon\" >Staklo<\/span>                            \n                                                    <\/li>\n                                            <li id=\"vetaka-trava\" class=\"inactive eael-tab-item-trigger eael-tab-nav-item\" aria-selected=\"false\" data-tab=\"4\" role=\"tab\" tabindex=\"-1\" aria-controls=\"vetaka-trava-tab\" aria-expanded=\"false\">\n                            \n                                                                <i class=\"icon icon-planet-earth\"><\/i>                                                            \n                                                            <span class=\"eael-tab-title title-after-icon\" >Ve\u0161ta\u010dka Trava<\/span>                            \n                                                    <\/li>\n                    \n                                  <\/ul>\n            <\/div>\n            \n            <div class=\"eael-tabs-content\">\n\t\t        \n                    <div id=\"konstrukcija-tab\" class=\"clearfix eael-tab-content-item inactive\" data-title-link=\"konstrukcija-tab\">\n\t\t\t\t                            <\/div>\n\t\t        \n                    <div id=\"rasveta-tab\" class=\"clearfix eael-tab-content-item inactive\" data-title-link=\"rasveta-tab\">\n\t\t\t\t                            <\/div>\n\t\t        \n                    <div id=\"staklo-tab\" class=\"clearfix eael-tab-content-item inactive\" data-title-link=\"staklo-tab\">\n\t\t\t\t                            <\/div>\n\t\t        \n                    <div id=\"vetaka-trava-tab\" class=\"clearfix eael-tab-content-item inactive\" data-title-link=\"vetaka-trava-tab\">\n\t\t\t\t                            <\/div>\n\t\t                    <\/div>\n        <\/div>\n\t\t\t\t<\/div>\n\t\t\t\t\t<\/div>\n\t\t\t\t<\/div>\n\t\t<div class=\"elementor-element elementor-element-6975001 e-flex e-con-boxed e-con e-parent\" data-id=\"6975001\" data-element_type=\"container\" data-e-type=\"container\" data-settings=\"{&quot;background_background&quot;:&quot;classic&quot;}\">\n\t\t\t\t\t<div class=\"e-con-inner\">\n\t\t\t\t<div class=\"elementor-element elementor-element-a5ace69 elementor-widget elementor-widget-image-box\" data-id=\"a5ace69\" data-element_type=\"widget\" data-e-type=\"widget\" data-widget_type=\"image-box.default\">\n\t\t\t\t\t<div class=\"elementor-image-box-wrapper\"><div class=\"elementor-image-box-content\"><h2 class=\"elementor-image-box-title\">Start Your Padel Project<\/h2><p class=\"elementor-image-box-description\">Contact us today to discuss your needs and bring your vision of the perfect padel court to life.<\/p><\/div><\/div>\t\t\t\t<\/div>\n\t\t\t\t<div class=\"elementor-element elementor-element-64e5d02 elementor-align-center elementor-widget elementor-widget-button\" data-id=\"64e5d02\" data-element_type=\"widget\" data-e-type=\"widget\" data-widget_type=\"button.default\">\n\t\t\t\t\t\t\t\t\t\t<a class=\"elementor-button elementor-button-link elementor-size-sm\" href=\"\/en_gb\/kontakt\/\">\n\t\t\t\t\t\t<span class=\"elementor-button-content-wrapper\">\n\t\t\t\t\t\t\t\t\t<span class=\"elementor-button-text\">Request a quote<\/span>\n\t\t\t\t\t<\/span>\n\t\t\t\t\t<\/a>\n\t\t\t\t\t\t\t\t<\/div>\n\t\t\t\t\t<\/div>\n\t\t\t\t<\/div>\n\t\t\t\t<\/div>","protected":false},"excerpt":{"rendered":"<p>Football Padel Teren Football Padel teren\u00a0je Konstrukcija Rasveta Staklo Ve\u0161ta\u010dka Trava Zapo\u010dnite Svoj Padel Projekt\u200b Kontaktirajte nas danas da diskutujemo [&hellip;]<\/p>\n","protected":false},"author":1,"featured_media":0,"parent":0,"menu_order":0,"comment_status":"closed","ping_status":"closed","template":"","meta":{"site-sidebar-layout":"no-sidebar","site-content-layout":"","ast-site-content-layout":"full-width-container","site-content-style":"default","site-sidebar-style":"default","ast-global-header-display":"","ast-banner-title-visibility":"","ast-main-header-display":"","ast-hfb-above-header-display":"","ast-hfb-below-header-display":"","ast-hfb-mobile-header-display":"","site-post-title":"disabled","ast-breadcrumbs-content":"","ast-featured-img":"disabled","footer-sml-layout":"","ast-disable-related-posts":"","theme-transparent-header-meta":"","adv-header-id-meta":"","stick-header-meta":"","header-above-stick-meta":"","header-main-stick-meta":"","header-below-stick-meta":"","astra-migrate-meta-layouts":"default","ast-page-background-enabled":"default","ast-page-background-meta":{"desktop":{"background-color":"var(--ast-global-color-5)","background-image":"","background-repeat":"repeat","background-position":"center center","background-size":"auto","background-attachment":"scroll","background-type":"","background-media":"","overlay-type":"","overlay-color":"","overlay-opacity":"","overlay-gradient":""},"tablet":{"background-color":"","background-image":"","background-repeat":"repeat","background-position":"center center","background-size":"auto","background-attachment":"scroll","background-type":"","background-media":"","overlay-type":"","overlay-color":"","overlay-opacity":"","overlay-gradient":""},"mobile":{"background-color":"","background-image":"","background-repeat":"repeat","background-position":"center center","background-size":"auto","background-attachment":"scroll","background-type":"","background-media":"","overlay-type":"","overlay-color":"","overlay-opacity":"","overlay-gradient":""}},"ast-content-background-meta":{"desktop":{"background-color":"var(--ast-global-color-4)","background-image":"","background-repeat":"repeat","background-position":"center center","background-size":"auto","background-attachment":"scroll","background-type":"","background-media":"","overlay-type":"","overlay-color":"","overlay-opacity":"","overlay-gradient":""},"tablet":{"background-color":"var(--ast-global-color-4)","background-image":"","background-repeat":"repeat","background-position":"center center","background-size":"auto","background-attachment":"scroll","background-type":"","background-media":"","overlay-type":"","overlay-color":"","overlay-opacity":"","overlay-gradient":""},"mobile":{"background-color":"var(--ast-global-color-4)","background-image":"","background-repeat":"repeat","background-position":"center center","background-size":"auto","background-attachment":"scroll","background-type":"","background-media":"","overlay-type":"","overlay-color":"","overlay-opacity":"","overlay-gradient":""}},"footnotes":""},"class_list":["post-1376","page","type-page","status-publish","hentry"],"_links":{"self":[{"href":"https:\/\/panorapadel.com\/en_gb\/wp-json\/wp\/v2\/pages\/1376","targetHints":{"allow":["GET"]}}],"collection":[{"href":"https:\/\/panorapadel.com\/en_gb\/wp-json\/wp\/v2\/pages"}],"about":[{"href":"https:\/\/panorapadel.com\/en_gb\/wp-json\/wp\/v2\/types\/page"}],"author":[{"embeddable":true,"href":"https:\/\/panorapadel.com\/en_gb\/wp-json\/wp\/v2\/users\/1"}],"replies":[{"embeddable":true,"href":"https:\/\/panorapadel.com\/en_gb\/wp-json\/wp\/v2\/comments?post=1376"}],"version-history":[{"count":13,"href":"https:\/\/panorapadel.com\/en_gb\/wp-json\/wp\/v2\/pages\/1376\/revisions"}],"predecessor-version":[{"id":1389,"href":"https:\/\/panorapadel.com\/en_gb\/wp-json\/wp\/v2\/pages\/1376\/revisions\/1389"}],"wp:attachment":[{"href":"https:\/\/panorapadel.com\/en_gb\/wp-json\/wp\/v2\/media?parent=1376"}],"curies":[{"name":"wp","href":"https:\/\/api.w.org\/{rel}","templated":true}]}}